{"id":1954,"date":"2024-05-26T11:11:31","date_gmt":"2024-05-26T11:11:31","guid":{"rendered":"https:\/\/www.kehatasakaal.ee\/product\/gift-card\/"},"modified":"2026-03-31T22:02:31","modified_gmt":"2026-03-31T19:02:31","slug":"kinkekaart","status":"publish","type":"product","link":"https:\/\/www.kehatasakaal.ee\/en\/product\/kinkekaart\/","title":{"rendered":"Kinkekaart"},"content":{"rendered":"","protected":false},"excerpt":{"rendered":"<p>Kingi kallile inimesele tervist.<\/p>\n<p>Kaunis kinkekaart l\u00e4heb p\u00e4rast makse laekumist automaatselt kingisaaja e-mailile.<\/p>\n<p>Kehtivus 3 kuud.<br \/>\nTasumine panga\u00fclekandega, rekvisiidid ilmuvad ostukorvis.<\/p>","protected":false},"featured_media":2382,"template":"","meta":{"_eb_attr":"","_uag_custom_page_level_css":"","site-sidebar-layout":"default","site-content-layout":"","ast-site-content-layout":"default","site-content-style":"default","site-sidebar-style":"default","ast-global-header-display":"","ast-banner-title-visibility":"","ast-main-header-display":"","ast-hfb-above-header-display":"","ast-hfb-below-header-display":"","ast-hfb-mobile-header-display":"","site-post-title":"","ast-breadcrumbs-content":"","ast-featured-img":"","footer-sml-layout":"","ast-disable-related-posts":"","theme-transparent-header-meta":"default","adv-header-id-meta":"","stick-header-meta":"","header-above-stick-meta":"","header-main-stick-meta":"","header-below-stick-meta":"","astra-migrate-meta-layouts":"set","ast-page-background-enabled":"default","ast-page-background-meta":{"desktop":{"background-color":"var(--ast-global-color-4)","background-image":"","background-repeat":"repeat","background-position":"center center","background-size":"auto","background-attachment":"scroll","background-type":"","background-media":"","overlay-type":"","overlay-color":"","overlay-opacity":"","overlay-gradient":""},"tablet":{"background-color":"","background-image":"","background-repeat":"repeat","background-position":"center center","background-size":"auto","background-attachment":"scroll","background-type":"","background-media":"","overlay-type":"","overlay-color":"","overlay-opacity":"","overlay-gradient":""},"mobile":{"background-color":"","background-image":"","background-repeat":"repeat","background-position":"center center","background-size":"auto","background-attachment":"scroll","background-type":"","background-media":"","overlay-type":"","overlay-color":"","overlay-opacity":"","overlay-gradient":""}},"ast-content-background-meta":{"desktop":{"background-color":"var(--ast-global-color-5)","background-image":"","background-repeat":"repeat","background-position":"center center","background-size":"auto","background-attachment":"scroll","background-type":"","background-media":"","overlay-type":"","overlay-color":"","overlay-opacity":"","overlay-gradient":""},"tablet":{"background-color":"var(--ast-global-color-5)","background-image":"","background-repeat":"repeat","background-position":"center center","background-size":"auto","background-attachment":"scroll","background-type":"","background-media":"","overlay-type":"","overlay-color":"","overlay-opacity":"","overlay-gradient":""},"mobile":{"background-color":"var(--ast-global-color-5)","background-image":"","background-repeat":"repeat","background-position":"center center","background-size":"auto","background-attachment":"scroll","background-type":"","background-media":"","overlay-type":"","overlay-color":"","overlay-opacity":"","overlay-gradient":""}}},"product_brand":[],"product_cat":[33],"product_tag":[],"class_list":{"0":"post-1954","1":"product","2":"type-product","3":"status-publish","4":"has-post-thumbnail","6":"product_cat-wps_wgm_giftcard-3","7":"desktop-align-left","8":"tablet-align-left","9":"mobile-align-left","11":"first","12":"instock","13":"purchasable","14":"product-type-wgm_gift_card"},"yoast_head":"<!-- This site is optimized with the Yoast SEO plugin v27.5 - https:\/\/yoast.com\/product\/yoast-seo-wordpress\/ -->\n<title>Kinkekaart - Osteopaat Heiko Liiv<\/title>\n<meta name=\"description\" content=\"Kingi kallile inimesele tervist. Osta kinkekaart.\" \/>\n<meta name=\"robots\" content=\"index, follow, max-snippet:-1, max-image-preview:large, max-video-preview:-1\" \/>\n<link rel=\"canonical\" href=\"https:\/\/www.kehatasakaal.ee\/en\/product\/kinkekaart\/\" \/>\n<meta property=\"og:locale\" content=\"en_US\" \/>\n<meta property=\"og:type\" content=\"article\" \/>\n<meta property=\"og:title\" content=\"Kinkekaart - Osteopaat Heiko Liiv\" \/>\n<meta property=\"og:description\" content=\"Kingi kallile inimesele tervist. Osta kinkekaart.\" \/>\n<meta property=\"og:url\" content=\"https:\/\/www.kehatasakaal.ee\/en\/product\/kinkekaart\/\" \/>\n<meta property=\"og:site_name\" content=\"Osteopaat Heiko Liiv\" \/>\n<meta property=\"article:publisher\" content=\"https:\/\/www.facebook.com\/HeikoLiiv\" \/>\n<meta property=\"article:modified_time\" content=\"2026-03-31T19:02:31+00:00\" \/>\n<meta property=\"og:image\" content=\"https:\/\/www.kehatasakaal.ee\/wp-content\/uploads\/2024\/05\/Heiko-Liiv-KINKEKAART.webp\" \/>\n\t<meta property=\"og:image:width\" content=\"1440\" \/>\n\t<meta property=\"og:image:height\" content=\"1440\" \/>\n\t<meta property=\"og:image:type\" content=\"image\/webp\" \/>\n<meta name=\"twitter:card\" content=\"summary_large_image\" \/>\n<meta name=\"twitter:label1\" content=\"Est. reading time\" \/>\n\t<meta name=\"twitter:data1\" content=\"1 minute\" \/>\n<script type=\"application\/ld+json\" class=\"yoast-schema-graph\">{\"@context\":\"https:\\\/\\\/schema.org\",\"@graph\":[{\"@type\":\"WebPage\",\"@id\":\"https:\\\/\\\/www.kehatasakaal.ee\\\/product\\\/kinkekaart\\\/\",\"url\":\"https:\\\/\\\/www.kehatasakaal.ee\\\/product\\\/kinkekaart\\\/\",\"name\":\"Kinkekaart - Osteopaat Heiko Liiv\",\"isPartOf\":{\"@id\":\"https:\\\/\\\/www.kehatasakaal.ee\\\/#website\"},\"primaryImageOfPage\":{\"@id\":\"https:\\\/\\\/www.kehatasakaal.ee\\\/product\\\/kinkekaart\\\/#primaryimage\"},\"image\":{\"@id\":\"https:\\\/\\\/www.kehatasakaal.ee\\\/product\\\/kinkekaart\\\/#primaryimage\"},\"thumbnailUrl\":\"https:\\\/\\\/www.kehatasakaal.ee\\\/wp-content\\\/uploads\\\/2024\\\/05\\\/Heiko-Liiv-KINKEKAART.webp\",\"datePublished\":\"2024-05-26T11:11:31+00:00\",\"dateModified\":\"2026-03-31T19:02:31+00:00\",\"description\":\"Kingi kallile inimesele tervist. Osta kinkekaart.\",\"breadcrumb\":{\"@id\":\"https:\\\/\\\/www.kehatasakaal.ee\\\/product\\\/kinkekaart\\\/#breadcrumb\"},\"inLanguage\":\"en-US\",\"potentialAction\":[{\"@type\":\"ReadAction\",\"target\":[\"https:\\\/\\\/www.kehatasakaal.ee\\\/product\\\/kinkekaart\\\/\"]}]},{\"@type\":\"ImageObject\",\"inLanguage\":\"en-US\",\"@id\":\"https:\\\/\\\/www.kehatasakaal.ee\\\/product\\\/kinkekaart\\\/#primaryimage\",\"url\":\"https:\\\/\\\/www.kehatasakaal.ee\\\/wp-content\\\/uploads\\\/2024\\\/05\\\/Heiko-Liiv-KINKEKAART.webp\",\"contentUrl\":\"https:\\\/\\\/www.kehatasakaal.ee\\\/wp-content\\\/uploads\\\/2024\\\/05\\\/Heiko-Liiv-KINKEKAART.webp\",\"width\":1440,\"height\":1440},{\"@type\":\"BreadcrumbList\",\"@id\":\"https:\\\/\\\/www.kehatasakaal.ee\\\/product\\\/kinkekaart\\\/#breadcrumb\",\"itemListElement\":[{\"@type\":\"ListItem\",\"position\":1,\"name\":\"Home\",\"item\":\"https:\\\/\\\/www.kehatasakaal.ee\\\/\"},{\"@type\":\"ListItem\",\"position\":2,\"name\":\"Pood\",\"item\":\"https:\\\/\\\/www.kehatasakaal.ee\\\/shop\\\/\"},{\"@type\":\"ListItem\",\"position\":3,\"name\":\"Kinkekaart\"}]},{\"@type\":\"WebSite\",\"@id\":\"https:\\\/\\\/www.kehatasakaal.ee\\\/#website\",\"url\":\"https:\\\/\\\/www.kehatasakaal.ee\\\/\",\"name\":\"Osteopaat Heiko Liiv\",\"description\":\"\u00dcheskoos Sinu tervenemise suunas\",\"publisher\":{\"@id\":\"https:\\\/\\\/www.kehatasakaal.ee\\\/#organization\"},\"potentialAction\":[{\"@type\":\"SearchAction\",\"target\":{\"@type\":\"EntryPoint\",\"urlTemplate\":\"https:\\\/\\\/www.kehatasakaal.ee\\\/?s={search_term_string}\"},\"query-input\":{\"@type\":\"PropertyValueSpecification\",\"valueRequired\":true,\"valueName\":\"search_term_string\"}}],\"inLanguage\":\"en-US\"},{\"@type\":\"Organization\",\"@id\":\"https:\\\/\\\/www.kehatasakaal.ee\\\/#organization\",\"name\":\"Osteopaat Heiko Liiv\",\"url\":\"https:\\\/\\\/www.kehatasakaal.ee\\\/\",\"logo\":{\"@type\":\"ImageObject\",\"inLanguage\":\"en-US\",\"@id\":\"https:\\\/\\\/www.kehatasakaal.ee\\\/#\\\/schema\\\/logo\\\/image\\\/\",\"url\":\"https:\\\/\\\/www.kehatasakaal.ee\\\/wp-content\\\/uploads\\\/2024\\\/05\\\/cropped-heiko-liiv-logo-color.png\",\"contentUrl\":\"https:\\\/\\\/www.kehatasakaal.ee\\\/wp-content\\\/uploads\\\/2024\\\/05\\\/cropped-heiko-liiv-logo-color.png\",\"width\":1095,\"height\":365,\"caption\":\"Osteopaat Heiko Liiv\"},\"image\":{\"@id\":\"https:\\\/\\\/www.kehatasakaal.ee\\\/#\\\/schema\\\/logo\\\/image\\\/\"},\"sameAs\":[\"https:\\\/\\\/www.facebook.com\\\/HeikoLiiv\",\"https:\\\/\\\/www.instagram.com\\\/osteopaat.heiko.liiv\\\/\"]}]}<\/script>\n<!-- \/ Yoast SEO plugin. -->","yoast_head_json":{"title":"Kinkekaart - Osteopaat Heiko Liiv","description":"Kingi kallile inimesele tervist. Osta kinkekaart.","robots":{"index":"index","follow":"follow","max-snippet":"max-snippet:-1","max-image-preview":"max-image-preview:large","max-video-preview":"max-video-preview:-1"},"canonical":"https:\/\/www.kehatasakaal.ee\/en\/product\/kinkekaart\/","og_locale":"en_US","og_type":"article","og_title":"Kinkekaart - Osteopaat Heiko Liiv","og_description":"Kingi kallile inimesele tervist. Osta kinkekaart.","og_url":"https:\/\/www.kehatasakaal.ee\/en\/product\/kinkekaart\/","og_site_name":"Osteopaat Heiko Liiv","article_publisher":"https:\/\/www.facebook.com\/HeikoLiiv","article_modified_time":"2026-03-31T19:02:31+00:00","og_image":[{"width":1440,"height":1440,"url":"https:\/\/www.kehatasakaal.ee\/wp-content\/uploads\/2024\/05\/Heiko-Liiv-KINKEKAART.webp","type":"image\/webp"}],"twitter_card":"summary_large_image","twitter_misc":{"Est. reading time":"1 minute"},"schema":{"@context":"https:\/\/schema.org","@graph":[{"@type":"WebPage","@id":"https:\/\/www.kehatasakaal.ee\/product\/kinkekaart\/","url":"https:\/\/www.kehatasakaal.ee\/product\/kinkekaart\/","name":"Kinkekaart - Osteopaat Heiko Liiv","isPartOf":{"@id":"https:\/\/www.kehatasakaal.ee\/#website"},"primaryImageOfPage":{"@id":"https:\/\/www.kehatasakaal.ee\/product\/kinkekaart\/#primaryimage"},"image":{"@id":"https:\/\/www.kehatasakaal.ee\/product\/kinkekaart\/#primaryimage"},"thumbnailUrl":"https:\/\/www.kehatasakaal.ee\/wp-content\/uploads\/2024\/05\/Heiko-Liiv-KINKEKAART.webp","datePublished":"2024-05-26T11:11:31+00:00","dateModified":"2026-03-31T19:02:31+00:00","description":"Kingi kallile inimesele tervist. Osta kinkekaart.","breadcrumb":{"@id":"https:\/\/www.kehatasakaal.ee\/product\/kinkekaart\/#breadcrumb"},"inLanguage":"en-US","potentialAction":[{"@type":"ReadAction","target":["https:\/\/www.kehatasakaal.ee\/product\/kinkekaart\/"]}]},{"@type":"ImageObject","inLanguage":"en-US","@id":"https:\/\/www.kehatasakaal.ee\/product\/kinkekaart\/#primaryimage","url":"https:\/\/www.kehatasakaal.ee\/wp-content\/uploads\/2024\/05\/Heiko-Liiv-KINKEKAART.webp","contentUrl":"https:\/\/www.kehatasakaal.ee\/wp-content\/uploads\/2024\/05\/Heiko-Liiv-KINKEKAART.webp","width":1440,"height":1440},{"@type":"BreadcrumbList","@id":"https:\/\/www.kehatasakaal.ee\/product\/kinkekaart\/#breadcrumb","itemListElement":[{"@type":"ListItem","position":1,"name":"Home","item":"https:\/\/www.kehatasakaal.ee\/"},{"@type":"ListItem","position":2,"name":"Pood","item":"https:\/\/www.kehatasakaal.ee\/shop\/"},{"@type":"ListItem","position":3,"name":"Kinkekaart"}]},{"@type":"WebSite","@id":"https:\/\/www.kehatasakaal.ee\/#website","url":"https:\/\/www.kehatasakaal.ee\/","name":"Osteopaat Heiko Liiv","description":"\u00dcheskoos Sinu tervenemise suunas","publisher":{"@id":"https:\/\/www.kehatasakaal.ee\/#organization"},"potentialAction":[{"@type":"SearchAction","target":{"@type":"EntryPoint","urlTemplate":"https:\/\/www.kehatasakaal.ee\/?s={search_term_string}"},"query-input":{"@type":"PropertyValueSpecification","valueRequired":true,"valueName":"search_term_string"}}],"inLanguage":"en-US"},{"@type":"Organization","@id":"https:\/\/www.kehatasakaal.ee\/#organization","name":"Osteopaat Heiko Liiv","url":"https:\/\/www.kehatasakaal.ee\/","logo":{"@type":"ImageObject","inLanguage":"en-US","@id":"https:\/\/www.kehatasakaal.ee\/#\/schema\/logo\/image\/","url":"https:\/\/www.kehatasakaal.ee\/wp-content\/uploads\/2024\/05\/cropped-heiko-liiv-logo-color.png","contentUrl":"https:\/\/www.kehatasakaal.ee\/wp-content\/uploads\/2024\/05\/cropped-heiko-liiv-logo-color.png","width":1095,"height":365,"caption":"Osteopaat Heiko Liiv"},"image":{"@id":"https:\/\/www.kehatasakaal.ee\/#\/schema\/logo\/image\/"},"sameAs":["https:\/\/www.facebook.com\/HeikoLiiv","https:\/\/www.instagram.com\/osteopaat.heiko.liiv\/"]}]}},"uagb_featured_image_src":{"full":["https:\/\/www.kehatasakaal.ee\/wp-content\/uploads\/2024\/05\/Heiko-Liiv-KINKEKAART.webp",1440,1440,false],"thumbnail":["https:\/\/www.kehatasakaal.ee\/wp-content\/uploads\/2024\/05\/Heiko-Liiv-KINKEKAART-150x150.webp",150,150,true],"medium":["https:\/\/www.kehatasakaal.ee\/wp-content\/uploads\/2024\/05\/Heiko-Liiv-KINKEKAART-300x300.webp",300,300,true],"medium_large":["https:\/\/www.kehatasakaal.ee\/wp-content\/uploads\/2024\/05\/Heiko-Liiv-KINKEKAART-768x768.webp",768,768,true],"large":["https:\/\/www.kehatasakaal.ee\/wp-content\/uploads\/2024\/05\/Heiko-Liiv-KINKEKAART-1024x1024.webp",1024,1024,true],"tf-client-image-size":["https:\/\/www.kehatasakaal.ee\/wp-content\/uploads\/2024\/05\/Heiko-Liiv-KINKEKAART.webp",120,120,false],"1536x1536":["https:\/\/www.kehatasakaal.ee\/wp-content\/uploads\/2024\/05\/Heiko-Liiv-KINKEKAART.webp",1440,1440,false],"2048x2048":["https:\/\/www.kehatasakaal.ee\/wp-content\/uploads\/2024\/05\/Heiko-Liiv-KINKEKAART.webp",1440,1440,false],"trp-custom-language-flag":["https:\/\/www.kehatasakaal.ee\/wp-content\/uploads\/2024\/05\/Heiko-Liiv-KINKEKAART-12x12.webp",12,12,true],"woocommerce_thumbnail":["https:\/\/www.kehatasakaal.ee\/wp-content\/uploads\/2024\/05\/Heiko-Liiv-KINKEKAART-300x300.webp",300,300,true],"woocommerce_single":["https:\/\/www.kehatasakaal.ee\/wp-content\/uploads\/2024\/05\/Heiko-Liiv-KINKEKAART-600x600.webp",600,600,true],"woocommerce_gallery_thumbnail":["https:\/\/www.kehatasakaal.ee\/wp-content\/uploads\/2024\/05\/Heiko-Liiv-KINKEKAART-100x100.webp",100,100,true]},"uagb_author_info":{"display_name":"Everiin","author_link":"https:\/\/www.kehatasakaal.ee\/en\/author\/"},"uagb_comment_info":0,"uagb_excerpt":"Kingi kallile inimesele tervist. Kaunis kinkekaart l\u00e4heb p\u00e4rast makse laekumist automaatselt kingisaaja e-mailile. Kehtivus 3 kuud. Tasumine panga\u00fclekandega, rekvisiidid ilmuvad ostukorvis.","_links":{"self":[{"href":"https:\/\/www.kehatasakaal.ee\/en\/wp-json\/wp\/v2\/product\/1954","targetHints":{"allow":["GET"]}}],"collection":[{"href":"https:\/\/www.kehatasakaal.ee\/en\/wp-json\/wp\/v2\/product"}],"about":[{"href":"https:\/\/www.kehatasakaal.ee\/en\/wp-json\/wp\/v2\/types\/product"}],"wp:featuredmedia":[{"embeddable":true,"href":"https:\/\/www.kehatasakaal.ee\/en\/wp-json\/wp\/v2\/media\/2382"}],"wp:attachment":[{"href":"https:\/\/www.kehatasakaal.ee\/en\/wp-json\/wp\/v2\/media?parent=1954"}],"wp:term":[{"taxonomy":"product_brand","embeddable":true,"href":"https:\/\/www.kehatasakaal.ee\/en\/wp-json\/wp\/v2\/product_brand?post=1954"},{"taxonomy":"product_cat","embeddable":true,"href":"https:\/\/www.kehatasakaal.ee\/en\/wp-json\/wp\/v2\/product_cat?post=1954"},{"taxonomy":"product_tag","embeddable":true,"href":"https:\/\/www.kehatasakaal.ee\/en\/wp-json\/wp\/v2\/product_tag?post=1954"}],"curies":[{"name":"wp","href":"https:\/\/api.w.org\/{rel}","templated":true}]}}