{"id":2193,"date":"2024-06-04T12:03:15","date_gmt":"2024-06-04T09:03:15","guid":{"rendered":"https:\/\/www.kehatasakaal.ee\/?page_id=2193"},"modified":"2024-11-30T10:48:09","modified_gmt":"2024-11-30T08:48:09","slug":"kuur","status":"publish","type":"page","link":"https:\/\/www.kehatasakaal.ee\/en\/kuur\/","title":{"rendered":"Kuur"},"content":{"rendered":"\t\t<div data-elementor-type=\"wp-page\" data-elementor-id=\"2193\" class=\"elementor elementor-2193\">\n\t\t\t\t<div class=\"elementor-element elementor-element-5ed8f66 e-flex e-con-boxed e-con e-parent\" data-id=\"5ed8f66\" data-element_type=\"container\" data-e-type=\"container\">\n\t\t\t\t\t<div class=\"e-con-inner\">\n\t\t<div class=\"elementor-element elementor-element-98bb3b9 e-con-full e-flex e-con e-child\" data-id=\"98bb3b9\" data-element_type=\"container\" data-e-type=\"container\">\n\t\t\t\t<div class=\"elementor-element elementor-element-76d86d9c elementor-widget elementor-widget-heading\" data-id=\"76d86d9c\" data-element_type=\"widget\" data-e-type=\"widget\" data-widget_type=\"heading.default\">\n\t\t\t\t<div class=\"elementor-widget-container\">\n\t\t\t\t\t<h2 class=\"elementor-heading-title elementor-size-default\">Hetkel aktiivseid sooduspakkumisi ei ole<\/h2>\t\t\t\t<\/div>\n\t\t\t\t<\/div>\n\t\t\t\t<div class=\"elementor-element elementor-element-2255f91b elementor-widget elementor-widget-text-editor\" data-id=\"2255f91b\" data-element_type=\"widget\" data-e-type=\"widget\" data-widget_type=\"text-editor.default\">\n\t\t\t\t<div class=\"elementor-widget-container\">\n\t\t\t\t\t\t\t\t\t<p data-pm-slice=\"1 1 []\"><b>Leia p\u00fcsiv lahendus terviseprobleemidele.&nbsp;<\/b><\/p>\n<div class=\"x11i5rnm xat24cr x1mh8g0r x1vvkbs xtlvy1s x126k92a\">\n<div dir=\"auto\">Ootan Sind vastuv\u00f5tule Kuressaares, Haapsalus ja Tallinnas.<\/div>\n<\/div>\t\t\t\t\t\t\t\t<\/div>\n\t\t\t\t<\/div>\n\t\t\t\t<div class=\"elementor-element elementor-element-410e61a elementor-widget elementor-widget-button\" data-id=\"410e61a\" data-element_type=\"widget\" data-e-type=\"widget\" data-widget_type=\"button.default\">\n\t\t\t\t<div class=\"elementor-widget-container\">\n\t\t\t\t\t\t\t\t\t<div class=\"elementor-button-wrapper\">\n\t\t\t\t\t<a class=\"elementor-button elementor-button-link elementor-size-sm\" href=\"https:\/\/www.kehatasakaal.ee\/kuur\/#broneeri\">\n\t\t\t\t\t\t<span class=\"elementor-button-content-wrapper\">\n\t\t\t\t\t\t\t\t\t<span class=\"elementor-button-text\">BRONEERI AEG<\/span>\n\t\t\t\t\t<\/span>\n\t\t\t\t\t<\/a>\n\t\t\t\t<\/div>\n\t\t\t\t\t\t\t\t<\/div>\n\t\t\t\t<\/div>\n\t\t\t\t<\/div>\n\t\t<div class=\"elementor-element elementor-element-108f9688 e-con-full e-flex e-con e-child\" data-id=\"108f9688\" data-element_type=\"container\" data-e-type=\"container\">\n\t\t\t\t<div class=\"elementor-element elementor-element-3f0970bf elementor-widget elementor-widget-image\" data-id=\"3f0970bf\" data-element_type=\"widget\" data-e-type=\"widget\" data-widget_type=\"image.default\">\n\t\t\t\t<div class=\"elementor-widget-container\">\n\t\t\t\t\t\t\t\t\t\t\t\t\t\t\t<img fetchpriority=\"high\" decoding=\"async\" width=\"684\" height=\"1024\" src=\"https:\/\/www.kehatasakaal.ee\/wp-content\/uploads\/2024\/05\/DSC_4636-Edit-684x1024-1.jpg\" class=\"attachment-large size-large wp-image-1779\" alt=\"\" srcset=\"https:\/\/www.kehatasakaal.ee\/wp-content\/uploads\/2024\/05\/DSC_4636-Edit-684x1024-1.jpg 684w, https:\/\/www.kehatasakaal.ee\/wp-content\/uploads\/2024\/05\/DSC_4636-Edit-684x1024-1-200x300.jpg 200w, https:\/\/www.kehatasakaal.ee\/wp-content\/uploads\/2024\/05\/DSC_4636-Edit-684x1024-1-600x898.jpg 600w\" sizes=\"(max-width: 684px) 100vw, 684px\" \/>\t\t\t\t\t\t\t\t\t\t\t\t\t\t\t<\/div>\n\t\t\t\t<\/div>\n\t\t\t\t<\/div>\n\t\t\t\t\t<\/div>\n\t\t\t\t<\/div>\n\t\t<div class=\"elementor-element elementor-element-16f32c9 e-flex e-con-boxed e-con e-parent\" data-id=\"16f32c9\" data-element_type=\"container\" data-e-type=\"container\">\n\t\t\t\t\t<div class=\"e-con-inner\">\n\t\t\t\t<div class=\"elementor-element elementor-element-74a5351 elementor-widget elementor-widget-menu-anchor\" data-id=\"74a5351\" data-element_type=\"widget\" data-e-type=\"widget\" data-widget_type=\"menu-anchor.default\">\n\t\t\t\t<div class=\"elementor-widget-container\">\n\t\t\t\t\t\t\t<div class=\"elementor-menu-anchor\" id=\"broneeri\"><\/div>\n\t\t\t\t\t\t<\/div>\n\t\t\t\t<\/div>\n\t\t\t\t<div class=\"elementor-element elementor-element-5d742d6 elementor-widget elementor-widget-stepbooking\" data-id=\"5d742d6\" data-element_type=\"widget\" data-e-type=\"widget\" data-widget_type=\"stepbooking.default\">\n\t\t\t\t<div class=\"elementor-widget-container\">\n\t\t\t\t\t\n<script>\n  if (typeof hasAmeliaEntitiesApiCall === 'undefined' && ('' === '' && '' !== '1')) {\n    var hasAmeliaEntitiesApiCall = true;\n  }\n  var ameliaShortcodeData = (typeof ameliaShortcodeData === 'undefined') ? [] : ameliaShortcodeData;\n  ameliaShortcodeData.push(\n    {\n      'hasApiCall': (typeof hasAmeliaEntitiesApiCall !== 'undefined') && hasAmeliaEntitiesApiCall,\n      'trigger': '',\n      'trigger_type': '',\n      'triggered_form': 'sbsNew',\n      'in_dialog': '',\n      'show': 'services',\n      'counter': '1000',\n      'category': '',\n      'service': '',\n      'employee': '1',\n      'location': '',\n      'package': '',\n      'layout': '1',\n    }\n  );\n\n  var ameliaShortcodeDataTriggered = (typeof ameliaShortcodeDataTriggered === 'undefined') ? [] : ameliaShortcodeDataTriggered;\n  if (ameliaShortcodeData[ameliaShortcodeData.length - 1].trigger !== '') {\n    if (ameliaShortcodeDataTriggered.filter(a => a.counter === ameliaShortcodeData[ameliaShortcodeData.length - 1].counter).length === 0) {\n      ameliaShortcodeDataTriggered.push(ameliaShortcodeData.pop());\n    } else {\n      ameliaShortcodeData.pop()\n    }\n  }\n  if (typeof hasAmeliaEntitiesApiCall !== 'undefined' && hasAmeliaEntitiesApiCall) {\n    hasAmeliaEntitiesApiCall = false;\n  }\n<\/script>\n\n<div\n  id=\"amelia-v2-booking-1000\"\n  class=\"amelia-v2-booking\"\n >\n    <step-form-wrapper><\/step-form-wrapper><\/div>\n\t\t\t\t<\/div>\n\t\t\t\t<\/div>\n\t\t\t\t\t<\/div>\n\t\t\t\t<\/div>\n\t\t\t\t<\/div>\n\t\t","protected":false},"excerpt":{"rendered":"<p>Hetkel aktiivseid sooduspakkumisi ei ole Leia p\u00fcsiv lahendus terviseprobleemidele.&nbsp; Ootan Sind vastuv\u00f5tule Kuressaares, Haapsalus ja Tallinnas. BRONEERI AEG<\/p>","protected":false},"author":1,"featured_media":0,"parent":0,"menu_order":0,"comment_status":"closed","ping_status":"closed","template":"","meta":{"_eb_attr":"","_uag_custom_page_level_css":"","site-sidebar-layout":"no-sidebar","site-content-layout":"page-builder","ast-site-content-layout":"full-width-container","site-content-style":"default","site-sidebar-style":"default","ast-global-header-display":"","ast-banner-title-visibility":"","ast-main-header-display":"","ast-hfb-above-header-display":"","ast-hfb-below-header-display":"","ast-hfb-mobile-header-display":"","site-post-title":"disabled","ast-breadcrumbs-content":"","ast-featured-img":"disabled","footer-sml-layout":"","ast-disable-related-posts":"","theme-transparent-header-meta":"","adv-header-id-meta":"","stick-header-meta":"","header-above-stick-meta":"","header-main-stick-meta":"","header-below-stick-meta":"","astra-migrate-meta-layouts":"set","ast-page-background-enabled":"default","ast-page-background-meta":{"desktop":{"background-color":"var(--ast-global-color-4)","background-image":"","background-repeat":"repeat","background-position":"center center","background-size":"auto","background-attachment":"scroll","background-type":"","background-media":"","overlay-type":"","overlay-color":"","overlay-opacity":"","overlay-gradient":""},"tablet":{"background-color":"","background-image":"","background-repeat":"repeat","background-position":"center center","background-size":"auto","background-attachment":"scroll","background-type":"","background-media":"","overlay-type":"","overlay-color":"","overlay-opacity":"","overlay-gradient":""},"mobile":{"background-color":"","background-image":"","background-repeat":"repeat","background-position":"center center","background-size":"auto","background-attachment":"scroll","background-type":"","background-media":"","overlay-type":"","overlay-color":"","overlay-opacity":"","overlay-gradient":""}},"ast-content-background-meta":{"desktop":{"background-color":"var(--ast-global-color-5)","background-image":"","background-repeat":"repeat","background-position":"center center","background-size":"auto","background-attachment":"scroll","background-type":"","background-media":"","overlay-type":"","overlay-color":"","overlay-opacity":"","overlay-gradient":""},"tablet":{"background-color":"var(--ast-global-color-5)","background-image":"","background-repeat":"repeat","background-position":"center center","background-size":"auto","background-attachment":"scroll","background-type":"","background-media":"","overlay-type":"","overlay-color":"","overlay-opacity":"","overlay-gradient":""},"mobile":{"background-color":"var(--ast-global-color-5)","background-image":"","background-repeat":"repeat","background-position":"center center","background-size":"auto","background-attachment":"scroll","background-type":"","background-media":"","overlay-type":"","overlay-color":"","overlay-opacity":"","overlay-gradient":""}},"footnotes":""},"class_list":["post-2193","page","type-page","status-publish","hentry"],"yoast_head":"<!-- This site is optimized with the Yoast SEO plugin v27.5 - https:\/\/yoast.com\/product\/yoast-seo-wordpress\/ -->\n<title>Kuur - Osteopaat Heiko Liiv<\/title>\n<meta name=\"description\" content=\"Kolme korra kuur toimib h\u00e4sti seljavalude, liigesprobleemide, \u00f5lav\u00f6\u00f6tme pingete, epikond\u00fcliitide, lihaspingete ja muude tihti esinevate vaevuste puhul.Samuti kui on probleemid seedimisega, p\u00f5iega, kopsudega.Soovitavalt k\u00e4ia kuus korra v\u00f5i kaks. Mitte tihemini.\" \/>\n<meta name=\"robots\" content=\"index, follow, max-snippet:-1, max-image-preview:large, max-video-preview:-1\" \/>\n<link rel=\"canonical\" href=\"https:\/\/www.kehatasakaal.ee\/en\/kuur\/\" \/>\n<meta property=\"og:locale\" content=\"en_US\" \/>\n<meta property=\"og:type\" content=\"article\" \/>\n<meta property=\"og:title\" content=\"Kuur - Osteopaat Heiko Liiv\" \/>\n<meta property=\"og:description\" content=\"Kolme korra kuur toimib h\u00e4sti seljavalude, liigesprobleemide, \u00f5lav\u00f6\u00f6tme pingete, epikond\u00fcliitide, lihaspingete ja muude tihti esinevate vaevuste puhul.Samuti kui on probleemid seedimisega, p\u00f5iega, kopsudega.Soovitavalt k\u00e4ia kuus korra v\u00f5i kaks. Mitte tihemini.\" \/>\n<meta property=\"og:url\" content=\"https:\/\/www.kehatasakaal.ee\/en\/kuur\/\" \/>\n<meta property=\"og:site_name\" content=\"Osteopaat Heiko Liiv\" \/>\n<meta property=\"article:publisher\" content=\"https:\/\/www.facebook.com\/HeikoLiiv\" \/>\n<meta property=\"article:modified_time\" content=\"2024-11-30T08:48:09+00:00\" \/>\n<meta property=\"og:image\" content=\"http:\/\/www.kehatasakaal.ee\/wp-content\/uploads\/2024\/05\/DSC_4636-Edit-684x1024-1.jpg\" \/>\n<meta name=\"twitter:card\" content=\"summary_large_image\" \/>\n<meta name=\"twitter:label1\" content=\"Est. reading time\" \/>\n\t<meta name=\"twitter:data1\" content=\"1 minute\" \/>\n<script type=\"application\/ld+json\" class=\"yoast-schema-graph\">{\"@context\":\"https:\\\/\\\/schema.org\",\"@graph\":[{\"@type\":\"WebPage\",\"@id\":\"https:\\\/\\\/www.kehatasakaal.ee\\\/kuur\\\/\",\"url\":\"https:\\\/\\\/www.kehatasakaal.ee\\\/kuur\\\/\",\"name\":\"Kuur - Osteopaat Heiko Liiv\",\"isPartOf\":{\"@id\":\"https:\\\/\\\/www.kehatasakaal.ee\\\/#website\"},\"primaryImageOfPage\":{\"@id\":\"https:\\\/\\\/www.kehatasakaal.ee\\\/kuur\\\/#primaryimage\"},\"image\":{\"@id\":\"https:\\\/\\\/www.kehatasakaal.ee\\\/kuur\\\/#primaryimage\"},\"thumbnailUrl\":\"http:\\\/\\\/www.kehatasakaal.ee\\\/wp-content\\\/uploads\\\/2024\\\/05\\\/DSC_4636-Edit-684x1024-1.jpg\",\"datePublished\":\"2024-06-04T09:03:15+00:00\",\"dateModified\":\"2024-11-30T08:48:09+00:00\",\"description\":\"Kolme korra kuur toimib h\u00e4sti seljavalude, liigesprobleemide, \u00f5lav\u00f6\u00f6tme pingete, epikond\u00fcliitide, lihaspingete ja muude tihti esinevate vaevuste puhul.Samuti kui on probleemid seedimisega, p\u00f5iega, kopsudega.Soovitavalt k\u00e4ia kuus korra v\u00f5i kaks. Mitte tihemini.\",\"breadcrumb\":{\"@id\":\"https:\\\/\\\/www.kehatasakaal.ee\\\/kuur\\\/#breadcrumb\"},\"inLanguage\":\"en-US\",\"potentialAction\":[{\"@type\":\"ReadAction\",\"target\":[\"https:\\\/\\\/www.kehatasakaal.ee\\\/kuur\\\/\"]}]},{\"@type\":\"ImageObject\",\"inLanguage\":\"en-US\",\"@id\":\"https:\\\/\\\/www.kehatasakaal.ee\\\/kuur\\\/#primaryimage\",\"url\":\"http:\\\/\\\/www.kehatasakaal.ee\\\/wp-content\\\/uploads\\\/2024\\\/05\\\/DSC_4636-Edit-684x1024-1.jpg\",\"contentUrl\":\"http:\\\/\\\/www.kehatasakaal.ee\\\/wp-content\\\/uploads\\\/2024\\\/05\\\/DSC_4636-Edit-684x1024-1.jpg\"},{\"@type\":\"BreadcrumbList\",\"@id\":\"https:\\\/\\\/www.kehatasakaal.ee\\\/kuur\\\/#breadcrumb\",\"itemListElement\":[{\"@type\":\"ListItem\",\"position\":1,\"name\":\"Home\",\"item\":\"https:\\\/\\\/www.kehatasakaal.ee\\\/\"},{\"@type\":\"ListItem\",\"position\":2,\"name\":\"Kuur\"}]},{\"@type\":\"WebSite\",\"@id\":\"https:\\\/\\\/www.kehatasakaal.ee\\\/#website\",\"url\":\"https:\\\/\\\/www.kehatasakaal.ee\\\/\",\"name\":\"Osteopaat Heiko Liiv\",\"description\":\"\u00dcheskoos Sinu tervenemise suunas\",\"publisher\":{\"@id\":\"https:\\\/\\\/www.kehatasakaal.ee\\\/#organization\"},\"potentialAction\":[{\"@type\":\"SearchAction\",\"target\":{\"@type\":\"EntryPoint\",\"urlTemplate\":\"https:\\\/\\\/www.kehatasakaal.ee\\\/?s={search_term_string}\"},\"query-input\":{\"@type\":\"PropertyValueSpecification\",\"valueRequired\":true,\"valueName\":\"search_term_string\"}}],\"inLanguage\":\"en-US\"},{\"@type\":\"Organization\",\"@id\":\"https:\\\/\\\/www.kehatasakaal.ee\\\/#organization\",\"name\":\"Osteopaat Heiko Liiv\",\"url\":\"https:\\\/\\\/www.kehatasakaal.ee\\\/\",\"logo\":{\"@type\":\"ImageObject\",\"inLanguage\":\"en-US\",\"@id\":\"https:\\\/\\\/www.kehatasakaal.ee\\\/#\\\/schema\\\/logo\\\/image\\\/\",\"url\":\"https:\\\/\\\/www.kehatasakaal.ee\\\/wp-content\\\/uploads\\\/2024\\\/05\\\/cropped-heiko-liiv-logo-color.png\",\"contentUrl\":\"https:\\\/\\\/www.kehatasakaal.ee\\\/wp-content\\\/uploads\\\/2024\\\/05\\\/cropped-heiko-liiv-logo-color.png\",\"width\":1095,\"height\":365,\"caption\":\"Osteopaat Heiko Liiv\"},\"image\":{\"@id\":\"https:\\\/\\\/www.kehatasakaal.ee\\\/#\\\/schema\\\/logo\\\/image\\\/\"},\"sameAs\":[\"https:\\\/\\\/www.facebook.com\\\/HeikoLiiv\",\"https:\\\/\\\/www.instagram.com\\\/osteopaat.heiko.liiv\\\/\"]}]}<\/script>\n<!-- \/ Yoast SEO plugin. -->","yoast_head_json":{"title":"Kuur - Osteopaat Heiko Liiv","description":"Kolme korra kuur toimib h\u00e4sti seljavalude, liigesprobleemide, \u00f5lav\u00f6\u00f6tme pingete, epikond\u00fcliitide, lihaspingete ja muude tihti esinevate vaevuste puhul.Samuti kui on probleemid seedimisega, p\u00f5iega, kopsudega.Soovitavalt k\u00e4ia kuus korra v\u00f5i kaks. Mitte tihemini.","robots":{"index":"index","follow":"follow","max-snippet":"max-snippet:-1","max-image-preview":"max-image-preview:large","max-video-preview":"max-video-preview:-1"},"canonical":"https:\/\/www.kehatasakaal.ee\/en\/kuur\/","og_locale":"en_US","og_type":"article","og_title":"Kuur - Osteopaat Heiko Liiv","og_description":"Kolme korra kuur toimib h\u00e4sti seljavalude, liigesprobleemide, \u00f5lav\u00f6\u00f6tme pingete, epikond\u00fcliitide, lihaspingete ja muude tihti esinevate vaevuste puhul.Samuti kui on probleemid seedimisega, p\u00f5iega, kopsudega.Soovitavalt k\u00e4ia kuus korra v\u00f5i kaks. Mitte tihemini.","og_url":"https:\/\/www.kehatasakaal.ee\/en\/kuur\/","og_site_name":"Osteopaat Heiko Liiv","article_publisher":"https:\/\/www.facebook.com\/HeikoLiiv","article_modified_time":"2024-11-30T08:48:09+00:00","og_image":[{"url":"http:\/\/www.kehatasakaal.ee\/wp-content\/uploads\/2024\/05\/DSC_4636-Edit-684x1024-1.jpg","type":"","width":"","height":""}],"twitter_card":"summary_large_image","twitter_misc":{"Est. reading time":"1 minute"},"schema":{"@context":"https:\/\/schema.org","@graph":[{"@type":"WebPage","@id":"https:\/\/www.kehatasakaal.ee\/kuur\/","url":"https:\/\/www.kehatasakaal.ee\/kuur\/","name":"Kuur - Osteopaat Heiko Liiv","isPartOf":{"@id":"https:\/\/www.kehatasakaal.ee\/#website"},"primaryImageOfPage":{"@id":"https:\/\/www.kehatasakaal.ee\/kuur\/#primaryimage"},"image":{"@id":"https:\/\/www.kehatasakaal.ee\/kuur\/#primaryimage"},"thumbnailUrl":"http:\/\/www.kehatasakaal.ee\/wp-content\/uploads\/2024\/05\/DSC_4636-Edit-684x1024-1.jpg","datePublished":"2024-06-04T09:03:15+00:00","dateModified":"2024-11-30T08:48:09+00:00","description":"Kolme korra kuur toimib h\u00e4sti seljavalude, liigesprobleemide, \u00f5lav\u00f6\u00f6tme pingete, epikond\u00fcliitide, lihaspingete ja muude tihti esinevate vaevuste puhul.Samuti kui on probleemid seedimisega, p\u00f5iega, kopsudega.Soovitavalt k\u00e4ia kuus korra v\u00f5i kaks. Mitte tihemini.","breadcrumb":{"@id":"https:\/\/www.kehatasakaal.ee\/kuur\/#breadcrumb"},"inLanguage":"en-US","potentialAction":[{"@type":"ReadAction","target":["https:\/\/www.kehatasakaal.ee\/kuur\/"]}]},{"@type":"ImageObject","inLanguage":"en-US","@id":"https:\/\/www.kehatasakaal.ee\/kuur\/#primaryimage","url":"http:\/\/www.kehatasakaal.ee\/wp-content\/uploads\/2024\/05\/DSC_4636-Edit-684x1024-1.jpg","contentUrl":"http:\/\/www.kehatasakaal.ee\/wp-content\/uploads\/2024\/05\/DSC_4636-Edit-684x1024-1.jpg"},{"@type":"BreadcrumbList","@id":"https:\/\/www.kehatasakaal.ee\/kuur\/#breadcrumb","itemListElement":[{"@type":"ListItem","position":1,"name":"Home","item":"https:\/\/www.kehatasakaal.ee\/"},{"@type":"ListItem","position":2,"name":"Kuur"}]},{"@type":"WebSite","@id":"https:\/\/www.kehatasakaal.ee\/#website","url":"https:\/\/www.kehatasakaal.ee\/","name":"Osteopaat Heiko Liiv","description":"\u00dcheskoos Sinu tervenemise suunas","publisher":{"@id":"https:\/\/www.kehatasakaal.ee\/#organization"},"potentialAction":[{"@type":"SearchAction","target":{"@type":"EntryPoint","urlTemplate":"https:\/\/www.kehatasakaal.ee\/?s={search_term_string}"},"query-input":{"@type":"PropertyValueSpecification","valueRequired":true,"valueName":"search_term_string"}}],"inLanguage":"en-US"},{"@type":"Organization","@id":"https:\/\/www.kehatasakaal.ee\/#organization","name":"Osteopaat Heiko Liiv","url":"https:\/\/www.kehatasakaal.ee\/","logo":{"@type":"ImageObject","inLanguage":"en-US","@id":"https:\/\/www.kehatasakaal.ee\/#\/schema\/logo\/image\/","url":"https:\/\/www.kehatasakaal.ee\/wp-content\/uploads\/2024\/05\/cropped-heiko-liiv-logo-color.png","contentUrl":"https:\/\/www.kehatasakaal.ee\/wp-content\/uploads\/2024\/05\/cropped-heiko-liiv-logo-color.png","width":1095,"height":365,"caption":"Osteopaat Heiko Liiv"},"image":{"@id":"https:\/\/www.kehatasakaal.ee\/#\/schema\/logo\/image\/"},"sameAs":["https:\/\/www.facebook.com\/HeikoLiiv","https:\/\/www.instagram.com\/osteopaat.heiko.liiv\/"]}]}},"uagb_featured_image_src":{"full":false,"thumbnail":false,"medium":false,"medium_large":false,"large":false,"tf-client-image-size":false,"1536x1536":false,"2048x2048":false,"trp-custom-language-flag":false,"woocommerce_thumbnail":false,"woocommerce_single":false,"woocommerce_gallery_thumbnail":false},"uagb_author_info":{"display_name":"Everiin","author_link":"https:\/\/www.kehatasakaal.ee\/en\/author\/everiin\/"},"uagb_comment_info":0,"uagb_excerpt":"Hetkel aktiivseid sooduspakkumisi ei ole Leia p\u00fcsiv lahendus terviseprobleemidele.&nbsp; Ootan Sind vastuv\u00f5tule Kuressaares, Haapsalus ja Tallinnas. BRONEERI AEG","_links":{"self":[{"href":"https:\/\/www.kehatasakaal.ee\/en\/wp-json\/wp\/v2\/pages\/2193","targetHints":{"allow":["GET"]}}],"collection":[{"href":"https:\/\/www.kehatasakaal.ee\/en\/wp-json\/wp\/v2\/pages"}],"about":[{"href":"https:\/\/www.kehatasakaal.ee\/en\/wp-json\/wp\/v2\/types\/page"}],"author":[{"embeddable":true,"href":"https:\/\/www.kehatasakaal.ee\/en\/wp-json\/wp\/v2\/users\/1"}],"replies":[{"embeddable":true,"href":"https:\/\/www.kehatasakaal.ee\/en\/wp-json\/wp\/v2\/comments?post=2193"}],"version-history":[{"count":5,"href":"https:\/\/www.kehatasakaal.ee\/en\/wp-json\/wp\/v2\/pages\/2193\/revisions"}],"predecessor-version":[{"id":2517,"href":"https:\/\/www.kehatasakaal.ee\/en\/wp-json\/wp\/v2\/pages\/2193\/revisions\/2517"}],"wp:attachment":[{"href":"https:\/\/www.kehatasakaal.ee\/en\/wp-json\/wp\/v2\/media?parent=2193"}],"curies":[{"name":"wp","href":"https:\/\/api.w.org\/{rel}","templated":true}]}}